{"id":132,"date":"2019-11-11T09:36:50","date_gmt":"2019-11-11T09:36:50","guid":{"rendered":"https:\/\/martinhansenhaug.com\/?page_id=132"},"modified":"2025-02-06T16:08:05","modified_gmt":"2025-02-06T16:08:05","slug":"energiahoidot","status":"publish","type":"page","link":"https:\/\/martinhansenhaug.com\/?page_id=132","title":{"rendered":"Energiahoidot"},"content":{"rendered":"\n<p><strong>ENERGIAHOITO\/REIKI<\/strong><\/p>\n\n\n\n<p><strong>Energiahoito sis\u00e4lt\u00e4\u00e4 chakrojen\/auratasojen puhdistuksen sek\u00e4 niiden tasapainoituksen. Energiahoidon aikana avataan ja puhdistetaan tukkeutuneita energiakanavia. Auttaa erityisesti jos v\u00e4symyst\u00e4, mieliala matalalla, el\u00e4m\u00e4 junnaa paikallaan, tai on fyysisi\u00e4 vaivoja ym. N\u00e4ihin esimerkiksi on mahdollista saada apua hoidon aikana.<\/strong><\/p>\n\n\n\n<p><strong>Meid\u00e4n omalla alitajunnalla on mahtava voima johon muun muassa vaikutamme energiahoidon aikana. Puhdistavat energia kulkevat kehomme energiakanavia pitkin jolloin kehosta alkavat energiat virrata helpommin.  <\/strong><\/p>\n\n\n\n<p><strong>Verenkierto paranee. Mieliala muuttuu positiivisemmaksi, saamme voimia alkaa toteuttaa omia haaveita el\u00e4m\u00e4ss\u00e4mme, muutoksen energiat alkavat muokata el\u00e4m\u00e4\u00e4mme siihen oikeaan suuntaan. Silloin voimme toteuttaa niit\u00e4 haaveita joita olemme halunneet.<\/strong><\/p>\n\n\n\n<p><strong>Puhdistumme negatiivisista energioista. Saamme uuden alun el\u00e4m\u00e4\u00e4mme, kuin tulisimme risteykseen jossa meille annetaan uusi polku kulkea sielumme tiet\u00e4. Voimme toteuttaa paremmin sielumme polkua paremmin kun yhteydet auttajiimme paranevat.<\/strong>  <\/p>\n\n\n\n<p><strong>Hoidolla on moninaiset positiiviset vaikutukset.<\/strong><\/p>\n\n\n\n<p><strong>Kokeile siten voit sen tiet\u00e4\u00e4!<\/strong><\/p>\n\n\n\n<p><strong>Energiahoito 60\u20ac<\/strong><\/p>\n\n\n\n<p><strong>K\u00e4teinen tai Mobilepay<\/strong><\/p>\n\n\n\n<p><strong>&nbsp;&nbsp;&nbsp;&nbsp;&nbsp;&nbsp;&nbsp;&nbsp;&nbsp;&nbsp;&nbsp;&nbsp;&nbsp; <\/strong><\/p>\n\n\n\n<p><strong>&nbsp;&nbsp;&nbsp;&nbsp;&nbsp;&nbsp;&nbsp;&nbsp;&nbsp;&nbsp;&nbsp;<\/strong><\/p>\n\n\n\n<p><strong>&nbsp;&nbsp;&nbsp;&nbsp;&nbsp;&nbsp;&nbsp;&nbsp;&nbsp;&nbsp;&nbsp;&nbsp;&nbsp; 3x kaukohoitosarja&nbsp; 60\u20ac<\/strong><\/p>\n\n\n\n<p> <strong>Suosittelen kolmen kerran hoito sarjaa.<\/strong> <\/p>\n\n\n\n<p><\/p>\n\n\n\n<p><strong>L<\/strong><strong>ahjaksi\nenergia hoito!<\/strong><\/p>\n\n\n\n<p><strong>Lahjakorttien\nvoimassa oloaika 3kk.<\/strong><\/p>\n","protected":false},"excerpt":{"rendered":"<p>ENERGIAHOITO\/REIKI Energiahoito sis\u00e4lt\u00e4\u00e4 chakrojen\/auratasojen puhdistuksen sek\u00e4 niiden tasapainoituksen. Energiahoidon aikana avataan ja puhdistetaan tukkeutuneita energiakanavia. Auttaa erityisesti jos v\u00e4symyst\u00e4, mieliala matalalla, el\u00e4m\u00e4 junnaa paikallaan, tai on fyysisi\u00e4 vaivoja ym. N\u00e4ihin esimerkiksi on mahdollista saada apua hoidon aikana. Meid\u00e4n omalla alitajunnalla &hellip; <a href=\"https:\/\/martinhansenhaug.com\/?page_id=132\">Lue loppuun <span class=\"meta-nav\">&rarr;<\/span><\/a><\/p>\n","protected":false},"author":1,"featured_media":0,"parent":0,"menu_order":6,"comment_status":"closed","ping_status":"closed","template":"","meta":{"footnotes":""},"class_list":["post-132","page","type-page","status-publish","hentry"],"_links":{"self":[{"href":"https:\/\/martinhansenhaug.com\/index.php?rest_route=\/wp\/v2\/pages\/132","targetHints":{"allow":["GET"]}}],"collection":[{"href":"https:\/\/martinhansenhaug.com\/index.php?rest_route=\/wp\/v2\/pages"}],"about":[{"href":"https:\/\/martinhansenhaug.com\/index.php?rest_route=\/wp\/v2\/types\/page"}],"author":[{"embeddable":true,"href":"https:\/\/martinhansenhaug.com\/index.php?rest_route=\/wp\/v2\/users\/1"}],"replies":[{"embeddable":true,"href":"https:\/\/martinhansenhaug.com\/index.php?rest_route=%2Fwp%2Fv2%2Fcomments&post=132"}],"version-history":[{"count":18,"href":"https:\/\/martinhansenhaug.com\/index.php?rest_route=\/wp\/v2\/pages\/132\/revisions"}],"predecessor-version":[{"id":995,"href":"https:\/\/martinhansenhaug.com\/index.php?rest_route=\/wp\/v2\/pages\/132\/revisions\/995"}],"wp:attachment":[{"href":"https:\/\/martinhansenhaug.com\/index.php?rest_route=%2Fwp%2Fv2%2Fmedia&parent=132"}],"curies":[{"name":"wp","href":"https:\/\/api.w.org\/{rel}","templated":true}]}}