{"id":219,"date":"2019-12-01T12:00:59","date_gmt":"2019-12-01T12:00:59","guid":{"rendered":"https:\/\/martinhansenhaug.com\/?page_id=219"},"modified":"2025-02-25T08:36:15","modified_gmt":"2025-02-25T08:36:15","slug":"aurakuvaus","status":"publish","type":"page","link":"https:\/\/martinhansenhaug.com\/?page_id=219","title":{"rendered":"Aurakuvaus"},"content":{"rendered":"\n<figure class=\"wp-block-image size-large is-resized\"><img loading=\"lazy\" decoding=\"async\" width=\"1024\" height=\"690\" src=\"https:\/\/martinhansenhaug.com\/wp-content\/uploads\/2019\/12\/ORANGE-HEADSHOT-PHOTO-1024x690.jpg\" alt=\"\" class=\"wp-image-220\" style=\"width:444px;height:auto\" srcset=\"https:\/\/martinhansenhaug.com\/wp-content\/uploads\/2019\/12\/ORANGE-HEADSHOT-PHOTO-1024x690.jpg 1024w, https:\/\/martinhansenhaug.com\/wp-content\/uploads\/2019\/12\/ORANGE-HEADSHOT-PHOTO-300x202.jpg 300w, https:\/\/martinhansenhaug.com\/wp-content\/uploads\/2019\/12\/ORANGE-HEADSHOT-PHOTO-768x518.jpg 768w, https:\/\/martinhansenhaug.com\/wp-content\/uploads\/2019\/12\/ORANGE-HEADSHOT-PHOTO-1536x1035.jpg 1536w, https:\/\/martinhansenhaug.com\/wp-content\/uploads\/2019\/12\/ORANGE-HEADSHOT-PHOTO-2048x1381.jpg 2048w\" sizes=\"auto, (max-width: 1024px) 100vw, 1024px\" \/><figcaption class=\"wp-element-caption\"><strong>Tervetuloa aurakuvaukseen.<\/strong><\/figcaption><\/figure>\n\n\n\n<h2 class=\"wp-block-heading\">Aura video station -laitteisto<\/h2>\n\n\n\n<p>Aura Video Asema on Biopalautekuvannusj\u00e4rjestelm\u00e4, joka mittaa Biopalaute-, V\u00e4riterapia- ja Energiahoitotietoa ihmisen tunne- ja energiakehojen eli auran mittaamiseen, analysointiin ja tarkkaan esitt\u00e4miseen. Kuvan v\u00e4reist\u00e4 voi kertoa millainen olet, mit\u00e4 ajattelet ja tunnet. Laite tekee my\u00f6s aurakuvasta 20-24 sivuisen kirjallisen persoonallisuus- ja v\u00e4rienergiatulkinnan.<\/p>\n\n\n\n<p>Aura-Chakra -kuvasi ja bio-tiedoistasi tehty selvitys antavat v\u00e4rikk\u00e4\u00e4n visuaalisen ja graafisen esityksen mittaustuloksistasi. T\u00e4m\u00e4 selvitys on tarkoitettu vain suuntaa antavaksi v\u00e4lineeksi itsetuntemuksen selvitt\u00e4misess\u00e4. Sit\u00e4 ei ole tarkoitettu l\u00e4\u00e4ketieteellisten diagnoosien tekoon eik\u00e4 terveydentilan m\u00e4\u00e4rittelyyn. Terveysongelmissa sinun tulee aina k\u00e4\u00e4nty\u00e4 l\u00e4\u00e4k\u00e4rin puoleen.<\/p>\n\n\n\n<p>Raportissa jonka saat mukaan sis\u00e4lt\u00e4\u00e4:<\/p>\n\n\n\n<p>Yl\u00e4vartalo- ja koko aurakuvan. Persoonallisuutesi v\u00e4rin. Auran koko. Chakrojen energia tasot. Aura chakra tasapainon. Bio-tietojesi analyysin. Auran v\u00e4rien analyysin. <\/p>\n\n\n\n<p>Tervetuloa Rovaniemelle kuvaukseen!<\/p>\n\n\n\n<p>Teen my\u00f6s muutamia kuvausmatkoja esim. Kajaaniin,Kuopioon,Ouluun ym. Tarkempia tietoja tapahtumat linkiss\u00e4 sivuillani.<\/p>\n\n\n\n<p><strong>K\u00e4ymme l\u00e4pi yhdess\u00e4 koko Aura raportin. Kesto on noin 40min. Hinta 50\u20ac<\/strong><\/p>\n\n\n\n<p><strong>K\u00e4teinen tai Mobilepay<\/strong><\/p>\n\n\n\n<p>              p.0405339521 kuukivi@hotmail.com<\/p>\n\n\n\n<figure class=\"wp-block-image size-large is-resized\"><img loading=\"lazy\" decoding=\"async\" width=\"849\" height=\"1024\" src=\"https:\/\/martinhansenhaug.com\/wp-content\/uploads\/2019\/12\/BLUE-FULLBODY-AURA-849x1024.jpg\" alt=\"\" class=\"wp-image-221\" style=\"width:270px;height:325px\" srcset=\"https:\/\/martinhansenhaug.com\/wp-content\/uploads\/2019\/12\/BLUE-FULLBODY-AURA-849x1024.jpg 849w, https:\/\/martinhansenhaug.com\/wp-content\/uploads\/2019\/12\/BLUE-FULLBODY-AURA-249x300.jpg 249w, https:\/\/martinhansenhaug.com\/wp-content\/uploads\/2019\/12\/BLUE-FULLBODY-AURA-768x926.jpg 768w, https:\/\/martinhansenhaug.com\/wp-content\/uploads\/2019\/12\/BLUE-FULLBODY-AURA-1274x1536.jpg 1274w, https:\/\/martinhansenhaug.com\/wp-content\/uploads\/2019\/12\/BLUE-FULLBODY-AURA-1699x2048.jpg 1699w\" sizes=\"auto, (max-width: 849px) 100vw, 849px\" \/><\/figure>\n\n\n\n<p><\/p>\n\n\n\n<figure class=\"wp-block-image size-large is-resized\"><img loading=\"lazy\" decoding=\"async\" width=\"853\" height=\"1024\" src=\"https:\/\/martinhansenhaug.com\/wp-content\/uploads\/2019\/12\/YELLOW-FULLBODY-AURA-853x1024.jpg\" alt=\"\" class=\"wp-image-222\" style=\"width:270px;height:324px\" srcset=\"https:\/\/martinhansenhaug.com\/wp-content\/uploads\/2019\/12\/YELLOW-FULLBODY-AURA-853x1024.jpg 853w, https:\/\/martinhansenhaug.com\/wp-content\/uploads\/2019\/12\/YELLOW-FULLBODY-AURA-250x300.jpg 250w, https:\/\/martinhansenhaug.com\/wp-content\/uploads\/2019\/12\/YELLOW-FULLBODY-AURA-768x922.jpg 768w, https:\/\/martinhansenhaug.com\/wp-content\/uploads\/2019\/12\/YELLOW-FULLBODY-AURA-1280x1536.jpg 1280w, https:\/\/martinhansenhaug.com\/wp-content\/uploads\/2019\/12\/YELLOW-FULLBODY-AURA-1707x2048.jpg 1707w\" sizes=\"auto, (max-width: 853px) 100vw, 853px\" \/><\/figure>\n\n\n\n<figure class=\"wp-block-image size-large is-resized\"><img loading=\"lazy\" decoding=\"async\" width=\"846\" height=\"1024\" src=\"https:\/\/martinhansenhaug.com\/wp-content\/uploads\/2023\/03\/WHITE-FULLBODY-AURA-846x1024.jpg\" alt=\"\" class=\"wp-image-782\" style=\"width:273px;height:329px\" srcset=\"https:\/\/martinhansenhaug.com\/wp-content\/uploads\/2023\/03\/WHITE-FULLBODY-AURA-846x1024.jpg 846w, https:\/\/martinhansenhaug.com\/wp-content\/uploads\/2023\/03\/WHITE-FULLBODY-AURA-248x300.jpg 248w, https:\/\/martinhansenhaug.com\/wp-content\/uploads\/2023\/03\/WHITE-FULLBODY-AURA-768x930.jpg 768w, https:\/\/martinhansenhaug.com\/wp-content\/uploads\/2023\/03\/WHITE-FULLBODY-AURA-1269x1536.jpg 1269w, https:\/\/martinhansenhaug.com\/wp-content\/uploads\/2023\/03\/WHITE-FULLBODY-AURA-1691x2048.jpg 1691w\" sizes=\"auto, (max-width: 846px) 100vw, 846px\" \/><\/figure>\n\n\n\n<figure class=\"wp-block-image size-full is-resized\"><img loading=\"lazy\" decoding=\"async\" width=\"607\" height=\"741\" src=\"https:\/\/martinhansenhaug.com\/wp-content\/uploads\/2023\/03\/ORANGE-FULLBODY-AURA.jpg\" alt=\"\" class=\"wp-image-783\" style=\"width:273px;height:333px\" srcset=\"https:\/\/martinhansenhaug.com\/wp-content\/uploads\/2023\/03\/ORANGE-FULLBODY-AURA.jpg 607w, https:\/\/martinhansenhaug.com\/wp-content\/uploads\/2023\/03\/ORANGE-FULLBODY-AURA-246x300.jpg 246w\" sizes=\"auto, (max-width: 607px) 100vw, 607px\" \/><\/figure>\n","protected":false},"excerpt":{"rendered":"<p>Aura video station -laitteisto Aura Video Asema on Biopalautekuvannusj\u00e4rjestelm\u00e4, joka mittaa Biopalaute-, V\u00e4riterapia- ja Energiahoitotietoa ihmisen tunne- ja energiakehojen eli auran mittaamiseen, analysointiin ja tarkkaan esitt\u00e4miseen. Kuvan v\u00e4reist\u00e4 voi kertoa millainen olet, mit\u00e4 ajattelet ja tunnet. Laite tekee my\u00f6s aurakuvasta &hellip; <a href=\"https:\/\/martinhansenhaug.com\/?page_id=219\">Lue loppuun <span class=\"meta-nav\">&rarr;<\/span><\/a><\/p>\n","protected":false},"author":1,"featured_media":0,"parent":0,"menu_order":5,"comment_status":"closed","ping_status":"closed","template":"","meta":{"footnotes":""},"class_list":["post-219","page","type-page","status-publish","hentry"],"_links":{"self":[{"href":"https:\/\/martinhansenhaug.com\/index.php?rest_route=\/wp\/v2\/pages\/219","targetHints":{"allow":["GET"]}}],"collection":[{"href":"https:\/\/martinhansenhaug.com\/index.php?rest_route=\/wp\/v2\/pages"}],"about":[{"href":"https:\/\/martinhansenhaug.com\/index.php?rest_route=\/wp\/v2\/types\/page"}],"author":[{"embeddable":true,"href":"https:\/\/martinhansenhaug.com\/index.php?rest_route=\/wp\/v2\/users\/1"}],"replies":[{"embeddable":true,"href":"https:\/\/martinhansenhaug.com\/index.php?rest_route=%2Fwp%2Fv2%2Fcomments&post=219"}],"version-history":[{"count":14,"href":"https:\/\/martinhansenhaug.com\/index.php?rest_route=\/wp\/v2\/pages\/219\/revisions"}],"predecessor-version":[{"id":1000,"href":"https:\/\/martinhansenhaug.com\/index.php?rest_route=\/wp\/v2\/pages\/219\/revisions\/1000"}],"wp:attachment":[{"href":"https:\/\/martinhansenhaug.com\/index.php?rest_route=%2Fwp%2Fv2%2Fmedia&parent=219"}],"curies":[{"name":"wp","href":"https:\/\/api.w.org\/{rel}","templated":true}]}}