{"id":3,"date":"2019-11-08T13:08:55","date_gmt":"2019-11-08T13:08:55","guid":{"rendered":"https:\/\/martinhansenhaug.com\/?page_id=3"},"modified":"2026-02-10T07:18:41","modified_gmt":"2026-02-10T07:18:41","slug":"privacy-policy","status":"publish","type":"page","link":"https:\/\/martinhansenhaug.com\/","title":{"rendered":"Tervetuloa sivuilleni!"},"content":{"rendered":"\n<figure class=\"wp-block-image size-large is-resized\"><img loading=\"lazy\" decoding=\"async\" width=\"550\" height=\"837\" src=\"https:\/\/martinhansenhaug.com\/wp-content\/uploads\/2019\/11\/IMG_2012-1.jpg\" alt=\"\" class=\"wp-image-31\" style=\"width:235px;height:357px\" srcset=\"https:\/\/martinhansenhaug.com\/wp-content\/uploads\/2019\/11\/IMG_2012-1.jpg 550w, https:\/\/martinhansenhaug.com\/wp-content\/uploads\/2019\/11\/IMG_2012-1-197x300.jpg 197w\" sizes=\"auto, (max-width: 550px) 100vw, 550px\" \/><\/figure>\n\n\n\n<h2 class=\"wp-block-heading\"><strong>Martin Hans\u00e9n-Haug<\/strong><\/h2>\n\n\n\n<p><\/p>\n\n\n\n<p><strong>Perinteinen- (kalevalainen j\u00e4senkorjaaja), Diplomi-vy\u00f6hyketerapeutti (Norjalainen Charles Erdal) , Reiki- Master, Meditaatio-ohjaaja (KriyaJooga), Hypnoosi\/rentoutusohjaaja. My\u00f6skin henkist\u00e4 valmennusta ja keskusteluapua.<\/strong><\/p>\n\n\n\n<p><strong>Auta&nbsp;itse\u00e4si  parantamaan el\u00e4m\u00e4\u00e4si&nbsp;mielenvoimasi ja hoitojen avulla! Olen tehnyt  vaihtoehtohoitoja vuodesta 1996. Yli 25-vuoden kokemuksella. Aloitin vy\u00f6hyketerapialla ja vuosien  saatossa olen opiskellut muita hoitomuotoja lis\u00e4\u00e4 ja sit\u00e4 kautta olen  saanut uusia ty\u00f6v\u00e4lineit\u00e4 my\u00f6s&nbsp; henkiselle polulleni ja muiden  auttamiseen . Sukujuureni ovat l\u00e4ht\u00f6isin Norjasta , puhun Suomea.<\/strong><\/p>\n\n\n\n<p><strong>Vastaanotot:&nbsp; Rovaniemell\u00e4.<\/strong><\/p>\n\n\n\n<p><\/p>\n\n\n\n<p><\/p>\n\n\n\n<p><\/p>\n\n\n\n<p><strong>RAKKAUDELLA KAIKKIA ELOLLISIA OLENTOJA KOHTAAN!<\/strong><\/p>\n\n\n\n<p><strong>Kun\n arvostat itse\u00e4si ja tied\u00e4t, ett\u00e4 olet kaikkien niiden palkintojen \narvoinen, jotka el\u00e4m\u00e4 voi tarjota, silloin Sinussa on tervett\u00e4 \nitserakkautta. T\u00e4m\u00e4n laatuinen itsearvostus antaa sinulle kyvyn tuntea \ntyytyv\u00e4isyytt\u00e4 siit\u00e4, kuka ja mit\u00e4 olet, ja t\u00e4m\u00e4 tunnetila nopeuttaa \nsuuresti uudistumisprosessia sinussa ja antaa&nbsp; uusia voimavaroja \nel\u00e4m\u00e4\u00e4si.<\/strong><\/p>\n\n\n\n<p><\/p>\n\n\n\n<p><\/p>\n\n\n\n<h2 class=\"wp-block-heading\">Yhteystiedot: <\/h2>\n\n\n\n<p><strong>p.0405339521       kuukivi@hotmail.com <\/strong>        <\/p>\n\n\n\n<h3 class=\"wp-block-heading\"><strong>Koskikatu 36-38 B11  96200 Rovaniemi<\/strong><\/h3>\n\n\n\n<p><strong>Kes\u00e4isin: Paloj\u00e4rvell\u00e4 Songassa<\/strong><\/p>\n\n\n\n<p><\/p>\n\n\n\n<h3 class=\"wp-block-heading\"><\/h3>\n\n\n\n<p><\/p>\n\n\n\n<h3 class=\"wp-block-heading\"><\/h3>\n\n\n\n<h3 class=\"wp-block-heading\"><\/h3>\n\n\n\n<p><\/p>\n\n\n\n<p><\/p>\n\n\n\n<h3 class=\"wp-block-heading\"><\/h3>\n\n\n\n<h3 class=\"wp-block-heading\"><\/h3>\n\n\n\n<h2 class=\"wp-block-heading\"><\/h2>\n\n\n\n<h2 class=\"wp-block-heading\"><\/h2>\n\n\n\n<h2 class=\"wp-block-heading\"><\/h2>\n\n\n\n<p><\/p>\n","protected":false},"excerpt":{"rendered":"<p>Martin Hans\u00e9n-Haug Perinteinen- (kalevalainen j\u00e4senkorjaaja), Diplomi-vy\u00f6hyketerapeutti (Norjalainen Charles Erdal) , Reiki- Master, Meditaatio-ohjaaja (KriyaJooga), Hypnoosi\/rentoutusohjaaja. My\u00f6skin henkist\u00e4 valmennusta ja keskusteluapua. Auta&nbsp;itse\u00e4si parantamaan el\u00e4m\u00e4\u00e4si&nbsp;mielenvoimasi ja hoitojen avulla! Olen tehnyt vaihtoehtohoitoja vuodesta 1996. Yli 25-vuoden kokemuksella. Aloitin vy\u00f6hyketerapialla ja vuosien saatossa olen &hellip; <a href=\"https:\/\/martinhansenhaug.com\/\">Lue loppuun <span class=\"meta-nav\">&rarr;<\/span><\/a><\/p>\n","protected":false},"author":1,"featured_media":0,"parent":0,"menu_order":0,"comment_status":"closed","ping_status":"closed","template":"","meta":{"footnotes":""},"class_list":["post-3","page","type-page","status-publish","hentry"],"_links":{"self":[{"href":"https:\/\/martinhansenhaug.com\/index.php?rest_route=\/wp\/v2\/pages\/3","targetHints":{"allow":["GET"]}}],"collection":[{"href":"https:\/\/martinhansenhaug.com\/index.php?rest_route=\/wp\/v2\/pages"}],"about":[{"href":"https:\/\/martinhansenhaug.com\/index.php?rest_route=\/wp\/v2\/types\/page"}],"author":[{"embeddable":true,"href":"https:\/\/martinhansenhaug.com\/index.php?rest_route=\/wp\/v2\/users\/1"}],"replies":[{"embeddable":true,"href":"https:\/\/martinhansenhaug.com\/index.php?rest_route=%2Fwp%2Fv2%2Fcomments&post=3"}],"version-history":[{"count":39,"href":"https:\/\/martinhansenhaug.com\/index.php?rest_route=\/wp\/v2\/pages\/3\/revisions"}],"predecessor-version":[{"id":1046,"href":"https:\/\/martinhansenhaug.com\/index.php?rest_route=\/wp\/v2\/pages\/3\/revisions\/1046"}],"wp:attachment":[{"href":"https:\/\/martinhansenhaug.com\/index.php?rest_route=%2Fwp%2Fv2%2Fmedia&parent=3"}],"curies":[{"name":"wp","href":"https:\/\/api.w.org\/{rel}","templated":true}]}}