{"id":55,"date":"2019-11-10T09:24:11","date_gmt":"2019-11-10T09:24:11","guid":{"rendered":"https:\/\/martinhansenhaug.com\/?page_id=55"},"modified":"2025-02-06T16:07:14","modified_gmt":"2025-02-06T16:07:14","slug":"vyohyketerapia","status":"publish","type":"page","link":"https:\/\/martinhansenhaug.com\/?page_id=55","title":{"rendered":"Vy\u00f6hyketerapia"},"content":{"rendered":"\n<figure class=\"wp-block-image\"><img decoding=\"async\" src=\"http:\/\/uranus.suntuubi.com\/datafiles\/userfiles\/Image\/ersdal.png\" alt=\"\"\/><\/figure>\n\n\n\n<p><strong>CHARLES ERSDALIN&nbsp;&nbsp;&nbsp;&nbsp;&nbsp;&nbsp;&nbsp;&nbsp;&nbsp;&nbsp;&nbsp;&nbsp;&nbsp; <\/strong><strong>VY\u00d6HYKETERAPIA&nbsp;<\/strong><br><\/p>\n\n\n\n<figure class=\"wp-block-image size-large\"><img loading=\"lazy\" decoding=\"async\" width=\"182\" height=\"220\" src=\"https:\/\/martinhansenhaug.com\/wp-content\/uploads\/2021\/03\/ersdal.png\" alt=\"\" class=\"wp-image-522\"\/><\/figure>\n\n\n\n<p><strong>&nbsp;&nbsp;&nbsp;&nbsp;&nbsp;&nbsp;&nbsp;&nbsp;&nbsp;&nbsp;&nbsp;&nbsp;&nbsp;&nbsp; <\/strong><strong>Historia<\/strong><\/p>\n\n\n\n<p><strong>Vy\u00f6hyketerapialla on juurensa Maya intiaanien kulttuurissa. Yhdysvaltalainen l\u00e4\u00e4k\u00e4ri William Fitzgerald tutustui\n intiaanien menetelmiin ja kirjoitti vuonna 1912 kirjan &#8221;Zone therapy&#8221;. \nH\u00e4n teki terapiaa tunnetuksi my\u00f6s Euroopassa. H\u00e4nen oppilaansa \ntanskalainen Eunice Ingham, kehitti menetelm\u00e4\u00e4 edelleen ja vuonna 1938 h\u00e4nelt\u00e4 ilmestyi kirja Zoneterapi&#8221;.<\/strong><\/p>\n\n\n\n<p><strong>Vy\u00f6hyketerapiasta\n on l\u00f6ydetty tuhansia vuosia vanhoja muistiinpanoja Kiinasta ja Egyptin \npyramideista. Suomessa vy\u00f6hyketerapia on ollut k\u00e4yt\u00f6ss\u00e4 yli 30 vuotta. \nEnsimm\u00e4inen vy\u00f6hyketerapian kehitt\u00e4j\u00e4, jolle on my\u00f6nnetty \nluonnonl\u00e4\u00e4ketieteen tohtorin arvo, on norjalainen Charles Ersdal. H\u00e4nen v\u00e4it\u00f6skirjansa, jonka aiheena oli moderni vy\u00f6hyketerapia, hyv\u00e4ksyttiin Malagassa vuonna 1986.<\/strong><\/p>\n\n\n\n<p><strong> Kokonaisvaltainen hoito<\/strong><\/p>\n\n\n\n<p><strong>Norjalainen Charles Ersdal on kehitt\u00e4nyt vy\u00f6hyke-terapioiden joukkoon omaa nime\u00e4\u00e4n kantavan suuntauksen.<\/strong><\/p>\n\n\n\n<p><strong>Charles\n Ersdalin vy\u00f6hyketerapia perustuu anatomiaan, fysiologiaan, patologiaan \nja immuunibiologiaan. Ersdalilaisen vy\u00f6hyketerapian perustana on my\u00f6s \najatus, ett\u00e4 ihminen on kokonaisuus, jossa monet seikat vaikuttavat \ntoisiinsa.<\/strong><\/p>\n\n\n\n<p><strong>Jokaisella\n Ersdalin vy\u00f6hyketerapia hoitokerralla hoidetaan koko elimist\u00f6 \nk\u00e4sittelem\u00e4ll\u00e4 jalkaterist\u00e4 signaalipisteit\u00e4 sormin ja rystysin.<\/strong><\/p>\n\n\n\n<p><strong>Kokonaisuutta\n hoitamalla p\u00e4\u00e4st\u00e4\u00e4n k\u00e4siksi ongelmien varsinaisiin syihin helpommin \nkuin vain hoitamalla oiretta.Oire saattaa olla elimist\u00f6ss\u00e4 aivan muualla\n kuin sen syy.<\/strong><\/p>\n\n\n\n<p><strong>&nbsp;&nbsp;&nbsp;&nbsp;&nbsp;&nbsp;&nbsp;&nbsp;&nbsp;&nbsp;&nbsp;&nbsp;&nbsp;&nbsp;&nbsp;&nbsp; Ei ik\u00e4rajoja!<\/strong><\/p>\n\n\n\n<p><strong>Charles\n Ersdalin vy\u00f6hyketerapiassa ei tunneta ik\u00e4rajoja.Hoito sopii kaikille \nvauvasta vaariin. Ersdalin vy\u00f6hyketerapia sopii hoitomuodoksi hyvin \nmoneen vaivaan, esimerkiksi vauvojen koliikkiin ja vatsakipuihin, \nkorvatulehduksiin, allergioihin,stressiin ja lihass\u00e4rkyihin. Asiakkaan \nei edes tarvitse olla sairas tullakseen hoidettavaksi, vaan Ersdalin \nvy\u00f6hyketerapiaa voidaan k\u00e4ytt\u00e4\u00e4 ennalta ehk\u00e4isev\u00e4n\u00e4 hoitomuotona.Charles\n Ersdal on sanonut: &#8221;Ihmiset k\u00e4yv\u00e4t vy\u00f6hyketerapiassa, koska haluavat \nkuolla tervein\u00e4&#8221;.<\/strong><\/p>\n\n\n\n<p><strong>Asiakkaani\n koostuu hyvinkin tasaisesti eri ik\u00e4ryhmist\u00e4. Tyypillinen asiakas on \nkeski-ik\u00e4inen ihminen, joka on etsinyt apua kipuihinsa ja vaivoihinsa \nterveyskeskuksesta. Aikansa s\u00e4rkyl\u00e4\u00e4kkeit\u00e4 sy\u00f6ty\u00e4\u00e4n asiakas tajuaa, \nettei l\u00e4\u00e4ke vie pois kuin oireen ja itse kivun syy j\u00e4\u00e4 hoitamatta. \nYleens\u00e4 t\u00e4m\u00e4n j\u00e4lkeen h\u00e4n l\u00e4htee etsim\u00e4\u00e4n vaihtoehtoa ja p\u00e4\u00e4tyy \nvy\u00f6hyketerapiaan. Koliikkivauvojen m\u00e4\u00e4r\u00e4 on kasvanut jonkin verran viime\n vuosien aikana.<\/strong><\/p>\n\n\n\n<p><strong>Ersdalilainen\n vy\u00f6hyketerapeutti aloittaa ty\u00f6skentelyn uuden asiakkaan kanssa aina \nkeskustelulla asiakkaan l\u00e4ht\u00f6tilanteesta sek\u00e4 historiasta.<\/strong><\/p>\n\n\n\n<p><strong>Tarkoituksena\n on l\u00f6yt\u00e4\u00e4 vaivojen mahdollisia syy-yhteyksi\u00e4 sek\u00e4 tarkistaa, sopiiko \njokin muu hoitomuoto mahdollisesti asiakkaalle paremmin.<\/strong><\/p>\n\n\n\n<p><strong>Kokonainen hoitosarja yleens\u00e4 tarpeen!<\/strong><\/p>\n\n\n\n<p><strong>Useimmiten\n asiakas tarvitsee kokonaisen hoitosarjan.Varsinkin krooniset tilat ovat\n kehittyneet vuosien, jopa vuosikymmenien ajan. On siis selv\u00e4\u00e4, ett\u00e4 ne \neiv\u00e4t katoa aivan hetkess\u00e4.<\/strong><\/p>\n\n\n\n<p><strong>K\u00e4sittely\n voi aiheuttaa tilap\u00e4ist\u00e4 vaivojen pahenemista tai muuten huonompaa \noloa.T\u00e4m\u00e4 on kuitenkin aivan luonnollinen paranemisreaktio, tapa, jolla \nkeho osoittaa, ett\u00e4 hoito on aiheuttanut vaikutuksia elimist\u00f6ss\u00e4.<\/strong><\/p>\n\n\n\n<p><strong>Aikuisten hoito kest\u00e4\u00e4 n. 45 min. tuntiin. Kun Charles Ersdalin vy\u00f6hyketerapialla hoidetaan lapsia, hoidot ovat lyhyempi\u00e4.<\/strong><\/p>\n\n\n\n<p><strong>&nbsp;&nbsp;&nbsp;&nbsp;&nbsp;&nbsp;&nbsp;&nbsp;&nbsp;&nbsp;&nbsp;&nbsp;&nbsp; Yhteisty\u00f6 tuo avun!<\/strong><\/p>\n\n\n\n<p><strong>Parhaat\n hoitotulokset saavutetaan koulutetun Dipl.vy\u00f6hyketerapeutin ja \nasiakkaan yhteisty\u00f6ll\u00e4. Asiantunteva Diplomin suorittanut terapeutti \nosaa antaa neuvoja terveyden yll\u00e4pitoon sek\u00e4 ohjata tarvittaessa muihin \nhoitomuotoihin.<\/strong><\/p>\n\n\n\n<p><strong>Olen tehnyt my\u00f6s synnytysk\u00e4ynnistyksi\u00e4 hyvill\u00e4 tuloksilla!<\/strong><\/p>\n\n\n\n<p><strong>Yli 20-vuoden kokemuksella!<\/strong><\/p>\n\n\n\n<p><strong>Suosittelen kolmen kerran hoito sarjaa.<\/strong><\/p>\n\n\n\n<p><strong>Vy\u00f6hyketerapiahoito 45\u20ac<\/strong><\/p>\n\n\n\n<p><strong>Vy\u00f6hyketerapiahoito vauvoille Ilmainen!<\/strong><\/p>\n\n\n\n<p><strong>K\u00e4teinen tai Mobilepay<\/strong><\/p>\n\n\n\n<p>Kotisivut Suomenvy\u00f6hyketerapeutit ry. sivuille<\/p>\n\n\n\n<figure class=\"wp-block-embed-wordpress wp-block-embed is-type-wp-embed is-provider-suomen-vyohyketerapeutit-ry\"><div class=\"wp-block-embed__wrapper\">\nhttps:\/\/suomenvyohyketerapeutit.fi\/\n<\/div><\/figure>\n\n\n\n<p><\/p>\n\n\n\n<p><strong>Martin Hans\u00e9n-Haug<\/strong><\/p>\n\n\n\n<p><strong>puh.0405339521<\/strong><\/p>\n","protected":false},"excerpt":{"rendered":"<p>CHARLES ERSDALIN&nbsp;&nbsp;&nbsp;&nbsp;&nbsp;&nbsp;&nbsp;&nbsp;&nbsp;&nbsp;&nbsp;&nbsp;&nbsp; VY\u00d6HYKETERAPIA&nbsp; &nbsp;&nbsp;&nbsp;&nbsp;&nbsp;&nbsp;&nbsp;&nbsp;&nbsp;&nbsp;&nbsp;&nbsp;&nbsp;&nbsp; Historia Vy\u00f6hyketerapialla on juurensa Maya intiaanien kulttuurissa. Yhdysvaltalainen l\u00e4\u00e4k\u00e4ri William Fitzgerald tutustui intiaanien menetelmiin ja kirjoitti vuonna 1912 kirjan &#8221;Zone therapy&#8221;. H\u00e4n teki terapiaa tunnetuksi my\u00f6s Euroopassa. H\u00e4nen oppilaansa tanskalainen Eunice Ingham, kehitti menetelm\u00e4\u00e4 edelleen ja &hellip; <a href=\"https:\/\/martinhansenhaug.com\/?page_id=55\">Lue loppuun <span class=\"meta-nav\">&rarr;<\/span><\/a><\/p>\n","protected":false},"author":1,"featured_media":0,"parent":0,"menu_order":3,"comment_status":"closed","ping_status":"closed","template":"","meta":{"footnotes":""},"class_list":["post-55","page","type-page","status-publish","hentry"],"_links":{"self":[{"href":"https:\/\/martinhansenhaug.com\/index.php?rest_route=\/wp\/v2\/pages\/55","targetHints":{"allow":["GET"]}}],"collection":[{"href":"https:\/\/martinhansenhaug.com\/index.php?rest_route=\/wp\/v2\/pages"}],"about":[{"href":"https:\/\/martinhansenhaug.com\/index.php?rest_route=\/wp\/v2\/types\/page"}],"author":[{"embeddable":true,"href":"https:\/\/martinhansenhaug.com\/index.php?rest_route=\/wp\/v2\/users\/1"}],"replies":[{"embeddable":true,"href":"https:\/\/martinhansenhaug.com\/index.php?rest_route=%2Fwp%2Fv2%2Fcomments&post=55"}],"version-history":[{"count":19,"href":"https:\/\/martinhansenhaug.com\/index.php?rest_route=\/wp\/v2\/pages\/55\/revisions"}],"predecessor-version":[{"id":994,"href":"https:\/\/martinhansenhaug.com\/index.php?rest_route=\/wp\/v2\/pages\/55\/revisions\/994"}],"wp:attachment":[{"href":"https:\/\/martinhansenhaug.com\/index.php?rest_route=%2Fwp%2Fv2%2Fmedia&parent=55"}],"curies":[{"name":"wp","href":"https:\/\/api.w.org\/{rel}","templated":true}]}}